{"id":480,"date":"2026-03-09T12:44:21","date_gmt":"2026-03-09T12:44:21","guid":{"rendered":"https:\/\/motorbrief.be\/contact\/"},"modified":"2026-03-09T12:44:25","modified_gmt":"2026-03-09T12:44:25","slug":"contact","status":"publish","type":"page","link":"https:\/\/motorbrief.be\/nl\/contact\/","title":{"rendered":"Contact"},"content":{"rendered":"\t\t<div data-elementor-type=\"wp-page\" data-elementor-id=\"480\" class=\"elementor elementor-480 elementor-157\">\n\t\t\t\t<div class=\"elementor-element elementor-element-40z22fqi twbb_section e-con-boxed e-flex e-con e-parent\" data-id=\"40z22fqi\" data-element_type=\"container\" data-e-type=\"container\" id=\"lets-keep-in-touch\">\n\t\t\t\t\t<div class=\"e-con-inner\">\n\t\t<div class=\"elementor-element elementor-element-nibm95a8 e-con-full e-flex e-con e-parent\" data-id=\"nibm95a8\" data-element_type=\"container\" data-e-type=\"container\">\n\t\t\t\t<div class=\"elementor-element elementor-element-xcu1kxs0 elementor-widget__width-initial elementor-widget-mobile__width-inherit elementor-widget-tablet__width-initial elementor-invisible elementor-widget elementor-widget-heading\" data-id=\"xcu1kxs0\" data-element_type=\"widget\" data-e-type=\"widget\" data-settings=\"{&quot;_animation&quot;:&quot;fadeInUp&quot;}\" data-widget_type=\"heading.default\">\n\t\t\t\t\t<h2 class=\"elementor-heading-title elementor-size-default\">Blijf verbonden met Motorbrief.be<\/h2>\t\t\t\t<\/div>\n\t\t\t\t<div class=\"elementor-element elementor-element-knx09syv elementor-widget__width-initial elementor-widget-mobile__width-inherit elementor-widget-tablet__width-initial elementor-invisible elementor-widget elementor-widget-text-editor\" data-id=\"knx09syv\" data-element_type=\"widget\" data-e-type=\"widget\" data-settings=\"{&quot;_animation&quot;:&quot;fadeInUp&quot;}\" data-widget_type=\"text-editor.default\">\n\t\t\t\t\t\t\t\t\tHeeft u vragen of opmerkingen? We horen graag van u! Of u nu op zoek bent naar advies, uw gedachten wilt delen of gewoon even hallo wilt zeggen, ons team in Brussel staat voor u klaar. Neem contact met ons op via e-mail, telefoon of bezoek ons persoonlijk aan de Louizalaan 523. Uw betrokkenheid helpt ons om u het laatste nieuws en informatie over de automobielsector te brengen.\t\t\t\t\t\t\t\t<\/div>\n\t\t\t\t<\/div>\n\t\t\t\t<div class=\"elementor-element elementor-element-jcojhdp1 elementor-widget__width-initial elementor-widget-mobile__width-inherit elementor-widget-tablet__width-initial elementor-widget elementor-widget-image\" data-id=\"jcojhdp1\" data-element_type=\"widget\" data-e-type=\"widget\" data-widget_type=\"image.default\">\n\t\t\t\t\t\t\t\t\t\t\t\t\t\t\t<img fetchpriority=\"high\" decoding=\"async\" width=\"1820\" height=\"1024\" src=\"https:\/\/motorbrief.be\/wp-content\/uploads\/2026\/02\/tenweb_media_souc2qofr.webp\" class=\"attachment-full size-full wp-image-482\" alt=\"\" srcset=\"https:\/\/motorbrief.be\/wp-content\/uploads\/2026\/02\/tenweb_media_souc2qofr.webp 1820w, https:\/\/motorbrief.be\/wp-content\/uploads\/2026\/02\/tenweb_media_souc2qofr-768x432.webp 768w\" sizes=\"(max-width: 1820px) 100vw, 1820px\" \/>\t\t\t\t\t\t\t\t\t\t\t\t\t\t\t<\/div>\n\t\t\t\t\t<\/div>\n\t\t\t\t<\/div>\n\t\t<div class=\"elementor-element elementor-element-6g2wxhcy twbb_section e-con-boxed e-flex e-con e-parent\" data-id=\"6g2wxhcy\" data-element_type=\"container\" data-e-type=\"container\" id=\"your-contact-options\">\n\t\t\t\t\t<div class=\"e-con-inner\">\n\t\t<div class=\"elementor-element elementor-element-6ftt4y7p e-con-full e-flex e-con e-parent\" data-id=\"6ftt4y7p\" data-element_type=\"container\" data-e-type=\"container\">\n\t\t\t\t<div class=\"elementor-element elementor-element-dtw2qvhc elementor-widget__width-initial elementor-widget-mobile__width-inherit elementor-widget-tablet__width-initial elementor-invisible elementor-widget elementor-widget-heading\" data-id=\"dtw2qvhc\" data-element_type=\"widget\" data-e-type=\"widget\" data-settings=\"{&quot;_animation&quot;:&quot;fadeInUp&quot;}\" data-widget_type=\"heading.default\">\n\t\t\t\t\t<h2 class=\"elementor-heading-title elementor-size-default\">Neem contact met ons op<\/h2>\t\t\t\t<\/div>\n\t\t\t\t<div class=\"elementor-element elementor-element-zu4m1e9f elementor-widget__width-initial elementor-widget-mobile__width-inherit elementor-widget-tablet__width-initial elementor-invisible elementor-widget elementor-widget-text-editor\" data-id=\"zu4m1e9f\" data-element_type=\"widget\" data-e-type=\"widget\" data-settings=\"{&quot;_animation&quot;:&quot;fadeInUp&quot;}\" data-widget_type=\"text-editor.default\">\n\t\t\t\t\t\t\t\t\tNeem contact op met Motorbrief.be voor de laatste informatie en updates over auto&#8217;s.\t\t\t\t\t\t\t\t<\/div>\n\t\t\t\t<div class=\"elementor-element elementor-element-qzwb4j0b elementor-widget__width-initial elementor-widget-mobile__width-inherit elementor-widget-tablet__width-initial elementor-align-start elementor-icon-list--layout-traditional elementor-list-item-link-full_width elementor-widget elementor-widget-icon-list\" data-id=\"qzwb4j0b\" data-element_type=\"widget\" data-e-type=\"widget\" data-widget_type=\"icon-list.default\">\n\t\t\t\t\t\t\t<ul class=\"elementor-icon-list-items\">\n\t\t\t\t\t\t\t<li class=\"elementor-icon-list-item\">\n\t\t\t\t\t\t\t\t\t\t\t<span class=\"elementor-icon-list-icon\">\n\t\t\t\t\t\t\t<svg aria-hidden=\"true\" class=\"e-font-icon-svg e-far-envelope\" viewBox=\"0 0 512 512\" xmlns=\"http:\/\/www.w3.org\/2000\/svg\"><path d=\"M464 64H48C21.49 64 0 85.49 0 112v288c0 26.51 21.49 48 48 48h416c26.51 0 48-21.49 48-48V112c0-26.51-21.49-48-48-48zm0 48v40.805c-22.422 18.259-58.168 46.651-134.587 106.49-16.841 13.247-50.201 45.072-73.413 44.701-23.208.375-56.579-31.459-73.413-44.701C106.18 199.465 70.425 171.067 48 152.805V112h416zM48 400V214.398c22.914 18.251 55.409 43.862 104.938 82.646 21.857 17.205 60.134 55.186 103.062 54.955 42.717.231 80.509-37.199 103.053-54.947 49.528-38.783 82.032-64.401 104.947-82.653V400H48z\"><\/path><\/svg>\t\t\t\t\t\t<\/span>\n\t\t\t\t\t\t\t\t\t\t<span class=\"elementor-icon-list-text\">Louizalaan 523, 1050 Brussel, Belgi\u00eb<\/span>\n\t\t\t\t\t\t\t\t\t<\/li>\n\t\t\t\t\t\t\t\t<li class=\"elementor-icon-list-item\">\n\t\t\t\t\t\t\t\t\t\t\t<span class=\"elementor-icon-list-icon\">\n\t\t\t\t\t\t\t<svg aria-hidden=\"true\" class=\"e-font-icon-svg e-fas-phone-alt\" viewBox=\"0 0 512 512\" xmlns=\"http:\/\/www.w3.org\/2000\/svg\"><path d=\"M497.39 361.8l-112-48a24 24 0 0 0-28 6.9l-49.6 60.6A370.66 370.66 0 0 1 130.6 204.11l60.6-49.6a23.94 23.94 0 0 0 6.9-28l-48-112A24.16 24.16 0 0 0 122.6.61l-104 24A24 24 0 0 0 0 48c0 256.5 207.9 464 464 464a24 24 0 0 0 23.4-18.6l24-104a24.29 24.29 0 0 0-14.01-27.6z\"><\/path><\/svg>\t\t\t\t\t\t<\/span>\n\t\t\t\t\t\t\t\t\t\t<span class=\"elementor-icon-list-text\">+32 2 123 45 67<\/span>\n\t\t\t\t\t\t\t\t\t<\/li>\n\t\t\t\t\t\t\t\t<li class=\"elementor-icon-list-item\">\n\t\t\t\t\t\t\t\t\t\t\t<span class=\"elementor-icon-list-icon\">\n\t\t\t\t\t\t\t<svg aria-hidden=\"true\" class=\"e-font-icon-svg e-fas-map-marker-alt\" viewBox=\"0 0 384 512\" xmlns=\"http:\/\/www.w3.org\/2000\/svg\"><path d=\"M172.268 501.67C26.97 291.031 0 269.413 0 192 0 85.961 85.961 0 192 0s192 85.961 192 192c0 77.413-26.97 99.031-172.268 309.67-9.535 13.774-29.93 13.773-39.464 0zM192 272c44.183 0 80-35.817 80-80s-35.817-80-80-80-80 35.817-80 80 35.817 80 80 80z\"><\/path><\/svg>\t\t\t\t\t\t<\/span>\n\t\t\t\t\t\t\t\t\t\t<span class=\"elementor-icon-list-text\">Avenue Louise 523, 1050 Bruxelles, Belgique<\/span>\n\t\t\t\t\t\t\t\t\t<\/li>\n\t\t\t\t\t\t<\/ul>\n\t\t\t\t\t\t<\/div>\n\t\t\t\t<\/div>\n\t\t\t\t<div class=\"elementor-element elementor-element-k8c8602m elementor-widget__width-initial elementor-widget-mobile__width-inherit elementor-widget-tablet__width-initial elementor-mobile-button-align-stretch elementor-button-align-left elementor-invisible elementor-widget elementor-widget-twbb_form\" data-id=\"k8c8602m\" data-element_type=\"widget\" data-e-type=\"widget\" data-settings=\"{&quot;_animation&quot;:&quot;fadeInUp&quot;,&quot;button_width&quot;:&quot;100&quot;,&quot;step_next_label&quot;:&quot;Volgende&quot;,&quot;step_previous_label&quot;:&quot;Vorige&quot;,&quot;step_type&quot;:&quot;number_text&quot;,&quot;step_icon_shape&quot;:&quot;circle&quot;}\" data-widget_type=\"twbb_form.default\">\n\t\t\t\t<div class=\"elementor-widget-container\">\n\t\t\t\t\t\t\t<form class=\"elementor-form\" method=\"post\" >\n\t\t\t<input type=\"hidden\" name=\"post_id\" value=\"480\"\/>\n\t\t\t<input type=\"hidden\" name=\"form_id\" value=\"k8c8602m\"\/>\n\t\t\t<input type=\"hidden\" name=\"referer_title\" value=\"Motorbrief.be &#8211; Aper\u00e7us sur l&#039;automobile et la mobilit\u00e9\" \/>\n\n\t\t\t\n\t\t\t<div class=\"elementor-form-fields-wrapper elementor-labels-above\">\n\t\t\t\t\t\t\t\t<div class=\"elementor-field-type-text elementor-field-group elementor-column elementor-field-group-name elementor-col-100 elementor-field-required\">\n\t\t\t\t\t\t\t\t\t\t\t\t<label for=\"form-field-name\" class=\"elementor-field-label\">\n\t\t\t\t\t\t\t\tNom\t\t\t\t\t\t\t<\/label>\n\t\t\t\t\t\t\t\t\t\t\t\t\t\t<input size=\"1\" type=\"text\" name=\"form_fields[name]\" id=\"form-field-name\" class=\"elementor-field elementor-size-sm  elementor-field-textual\" placeholder=\"Enter your name\" required=\"required\" aria-required=\"true\">\n\t\t\t\t\t\t\t\t\t\t\t<\/div>\n\t\t\t\t\t\t\t\t<div class=\"elementor-field-type-email elementor-field-group elementor-column elementor-field-group-email elementor-col-100 elementor-field-required\">\n\t\t\t\t\t\t\t\t\t\t\t\t<label for=\"form-field-email\" class=\"elementor-field-label\">\n\t\t\t\t\t\t\t\tEmail\t\t\t\t\t\t\t<\/label>\n\t\t\t\t\t\t\t\t\t\t\t\t\t\t<input size=\"1\" type=\"email\" name=\"form_fields[email]\" id=\"form-field-email\" class=\"elementor-field elementor-size-sm  elementor-field-textual\" placeholder=\"Enter your email\" required=\"required\" aria-required=\"true\">\n\t\t\t\t\t\t\t\t\t\t\t<\/div>\n\t\t\t\t\t\t\t\t<div class=\"elementor-field-type-textarea elementor-field-group elementor-column elementor-field-group-message elementor-col-100 elementor-field-required\">\n\t\t\t\t\t\t\t\t\t\t\t\t<label for=\"form-field-message\" class=\"elementor-field-label\">\n\t\t\t\t\t\t\t\tMessage\t\t\t\t\t\t\t<\/label>\n\t\t\t\t\t\t<textarea class=\"elementor-field-textual elementor-field  elementor-size-sm\" name=\"form_fields[message]\" id=\"form-field-message\" rows=\"4\" placeholder=\"Type your message\" required=\"required\" aria-required=\"true\"><\/textarea>\t\t\t\t<\/div>\n\t\t\t\t\t\t\t\t<div class=\"elementor-field-type-acceptance elementor-field-group elementor-column elementor-field-group-acceptance elementor-col-100 elementor-field-required\">\n\t\t\t\t\t\t\t<div class=\"elementor-field-subgroup\">\n\t\t\t<span class=\"elementor-field-option\">\n\t\t\t\t<input type=\"checkbox\" name=\"form_fields[acceptance]\" id=\"form-field-acceptance\" class=\"elementor-field elementor-size-sm  elementor-acceptance-field\" required=\"required\" aria-required=\"true\">\n\t\t\t\t<label for=\"form-field-acceptance\">I accept the Terms<\/label>\t\t\t<\/span>\n\t\t<\/div>\n\t\t\t\t\t\t<\/div>\n\t\t\t\t\t\t\t\t<div class=\"elementor-field-group elementor-column elementor-field-type-submit elementor-col-100 e-form__buttons\">\n\t\t\t\t\t<button type=\"submit\" class=\"elementor-button\">\n\t\t\t\t\t\t<span >\n\t\t\t\t\t\t\t\t\t\t\t\t\t\t\t<span class=\" elementor-button-icon\">\n\t\t\t\t\t\t\t\t\t\t\t\t\t\t\t\t\t\t\t\t\t\t\t\t\t\t<\/span>\n\t\t\t\t\t\t\t\t\t\t\t\t\t\t\t\t\t\t\t\t\t\t<span class=\"elementor-button-text\">Envoyer<\/span>\n\t\t\t\t\t\t\t\t\t\t\t\t\t<\/span>\n\t\t\t\t\t<\/button>\n          <button type=\"reset\" class=\"elementor-button elementor-hidden\">\n\t\t\t\t\t\t<span >\n\t\t\t\t\t\t\t              \t\t\t\t\t\t<\/span>\n          <\/button>\n\t\t\t\t<\/div>\n            \t\t\t<\/div>\n\t\t<\/form>\n\t\t\t\t\t\t<\/div>\n\t\t\t\t<\/div>\n\t\t\t\t\t<\/div>\n\t\t\t\t<\/div>\n\t\t\t\t<\/div>\n\t\t","protected":false},"excerpt":{"rendered":"<p>Blijf verbonden met Motorbrief.be Simplify Allonger la dur\u00e9e Faire plus court Fix grammar Ask AI Font family Aa Font size Text color Style Duplicate Delete More Heeft u vragen of opmerkingen? We horen graag van u! Of u nu op zoek bent naar advies, uw gedachten wilt delen of gewoon even hallo wilt zeggen, ons [&hellip;]<\/p>\n","protected":false},"author":0,"featured_media":0,"parent":0,"menu_order":0,"comment_status":"closed","ping_status":"closed","template":"","meta":{"inline_featured_image":false,"two_page_speed":[],"footnotes":""},"class_list":["post-480","page","type-page","status-publish","hentry"],"yoast_head":"<!-- This site is optimized with the Yoast SEO plugin v26.9 - https:\/\/yoast.com\/product\/yoast-seo-wordpress\/ -->\n<title>Contact - Motorbrief.be - Aper\u00e7us sur l&#039;automobile et la mobilit\u00e9<\/title>\n<meta name=\"robots\" content=\"index, follow, max-snippet:-1, max-image-preview:large, max-video-preview:-1\" \/>\n<link rel=\"canonical\" href=\"https:\/\/motorbrief.be\/nl\/contact\/\" \/>\n<meta property=\"og:locale\" content=\"nl_NL\" \/>\n<meta property=\"og:type\" content=\"article\" \/>\n<meta property=\"og:title\" content=\"Contact - Motorbrief.be - Aper\u00e7us sur l&#039;automobile et la mobilit\u00e9\" \/>\n<meta property=\"og:description\" content=\"Blijf verbonden met Motorbrief.be Simplify Allonger la dur\u00e9e Faire plus court Fix grammar Ask AI Font family Aa Font size Text color Style Duplicate Delete More Heeft u vragen of opmerkingen? We horen graag van u! Of u nu op zoek bent naar advies, uw gedachten wilt delen of gewoon even hallo wilt zeggen, ons [&hellip;]\" \/>\n<meta property=\"og:url\" content=\"https:\/\/motorbrief.be\/nl\/contact\/\" \/>\n<meta property=\"og:site_name\" content=\"Motorbrief.be - Aper\u00e7us sur l&#039;automobile et la mobilit\u00e9\" \/>\n<meta property=\"article:modified_time\" content=\"2026-03-09T12:44:25+00:00\" \/>\n<meta property=\"og:image\" content=\"https:\/\/motorbrief.be\/wp-content\/plugins\/tenweb-builder\/Apps\/FastEditor\/assets\/images\/copy_Icon.svg\" \/>\n<meta name=\"twitter:card\" content=\"summary_large_image\" \/>\n<meta name=\"twitter:label1\" content=\"Geschatte leestijd\" \/>\n\t<meta name=\"twitter:data1\" content=\"1 minuut\" \/>\n<script type=\"application\/ld+json\" class=\"yoast-schema-graph\">{\"@context\":\"https:\/\/schema.org\",\"@graph\":[{\"@type\":\"WebPage\",\"@id\":\"https:\/\/motorbrief.be\/nl\/contact\/\",\"url\":\"https:\/\/motorbrief.be\/nl\/contact\/\",\"name\":\"Contact - Motorbrief.be - Aper\u00e7us sur l&#039;automobile et la mobilit\u00e9\",\"isPartOf\":{\"@id\":\"https:\/\/motorbrief.be\/nl\/#website\"},\"primaryImageOfPage\":{\"@id\":\"https:\/\/motorbrief.be\/nl\/contact\/#primaryimage\"},\"image\":{\"@id\":\"https:\/\/motorbrief.be\/nl\/contact\/#primaryimage\"},\"thumbnailUrl\":\"https:\/\/motorbrief.be\/wp-content\/plugins\/tenweb-builder\/Apps\/FastEditor\/assets\/images\/copy_Icon.svg\",\"datePublished\":\"2026-03-09T12:44:21+00:00\",\"dateModified\":\"2026-03-09T12:44:25+00:00\",\"breadcrumb\":{\"@id\":\"https:\/\/motorbrief.be\/nl\/contact\/#breadcrumb\"},\"inLanguage\":\"nl-NL\",\"potentialAction\":[{\"@type\":\"ReadAction\",\"target\":[\"https:\/\/motorbrief.be\/nl\/contact\/\"]}]},{\"@type\":\"ImageObject\",\"inLanguage\":\"nl-NL\",\"@id\":\"https:\/\/motorbrief.be\/nl\/contact\/#primaryimage\",\"url\":\"https:\/\/motorbrief.be\/wp-content\/plugins\/tenweb-builder\/Apps\/FastEditor\/assets\/images\/copy_Icon.svg\",\"contentUrl\":\"https:\/\/motorbrief.be\/wp-content\/plugins\/tenweb-builder\/Apps\/FastEditor\/assets\/images\/copy_Icon.svg\"},{\"@type\":\"BreadcrumbList\",\"@id\":\"https:\/\/motorbrief.be\/nl\/contact\/#breadcrumb\",\"itemListElement\":[{\"@type\":\"ListItem\",\"position\":1,\"name\":\"Accueil\",\"item\":\"https:\/\/motorbrief.be\/nl\/home\/\"},{\"@type\":\"ListItem\",\"position\":2,\"name\":\"Contact\"}]},{\"@type\":\"WebSite\",\"@id\":\"https:\/\/motorbrief.be\/nl\/#website\",\"url\":\"https:\/\/motorbrief.be\/nl\/\",\"name\":\"Motorbrief.be - Aper\u00e7us sur l&#039;automobile et la mobilit\u00e9\",\"description\":\"\",\"publisher\":{\"@id\":\"https:\/\/motorbrief.be\/nl\/#organization\"},\"potentialAction\":[{\"@type\":\"SearchAction\",\"target\":{\"@type\":\"EntryPoint\",\"urlTemplate\":\"https:\/\/motorbrief.be\/nl\/?s={search_term_string}\"},\"query-input\":{\"@type\":\"PropertyValueSpecification\",\"valueRequired\":true,\"valueName\":\"search_term_string\"}}],\"inLanguage\":\"nl-NL\"},{\"@type\":\"Organization\",\"@id\":\"https:\/\/motorbrief.be\/nl\/#organization\",\"name\":\"Motorbrief.be - Aper\u00e7us sur l&#039;automobile et la mobilit\u00e9\",\"url\":\"https:\/\/motorbrief.be\/nl\/\",\"logo\":{\"@type\":\"ImageObject\",\"inLanguage\":\"nl-NL\",\"@id\":\"https:\/\/motorbrief.be\/nl\/#\/schema\/logo\/image\/\",\"url\":\"https:\/\/motorbrief.be\/wp-content\/uploads\/2026\/02\/cropped-Design_sans_titre__1_-removebg-preview.png\",\"contentUrl\":\"https:\/\/motorbrief.be\/wp-content\/uploads\/2026\/02\/cropped-Design_sans_titre__1_-removebg-preview.png\",\"width\":500,\"height\":321,\"caption\":\"Motorbrief.be - Aper\u00e7us sur l&#039;automobile et la mobilit\u00e9\"},\"image\":{\"@id\":\"https:\/\/motorbrief.be\/nl\/#\/schema\/logo\/image\/\"}}]}<\/script>\n<!-- \/ Yoast SEO plugin. -->","yoast_head_json":{"title":"Contact - Motorbrief.be - Aper\u00e7us sur l&#039;automobile et la mobilit\u00e9","robots":{"index":"index","follow":"follow","max-snippet":"max-snippet:-1","max-image-preview":"max-image-preview:large","max-video-preview":"max-video-preview:-1"},"canonical":"https:\/\/motorbrief.be\/nl\/contact\/","og_locale":"nl_NL","og_type":"article","og_title":"Contact - Motorbrief.be - Aper\u00e7us sur l&#039;automobile et la mobilit\u00e9","og_description":"Blijf verbonden met Motorbrief.be Simplify Allonger la dur\u00e9e Faire plus court Fix grammar Ask AI Font family Aa Font size Text color Style Duplicate Delete More Heeft u vragen of opmerkingen? We horen graag van u! Of u nu op zoek bent naar advies, uw gedachten wilt delen of gewoon even hallo wilt zeggen, ons [&hellip;]","og_url":"https:\/\/motorbrief.be\/nl\/contact\/","og_site_name":"Motorbrief.be - Aper\u00e7us sur l&#039;automobile et la mobilit\u00e9","article_modified_time":"2026-03-09T12:44:25+00:00","og_image":[{"url":"https:\/\/motorbrief.be\/wp-content\/plugins\/tenweb-builder\/Apps\/FastEditor\/assets\/images\/copy_Icon.svg","type":"","width":"","height":""}],"twitter_card":"summary_large_image","twitter_misc":{"Geschatte leestijd":"1 minuut"},"schema":{"@context":"https:\/\/schema.org","@graph":[{"@type":"WebPage","@id":"https:\/\/motorbrief.be\/nl\/contact\/","url":"https:\/\/motorbrief.be\/nl\/contact\/","name":"Contact - Motorbrief.be - Aper\u00e7us sur l&#039;automobile et la mobilit\u00e9","isPartOf":{"@id":"https:\/\/motorbrief.be\/nl\/#website"},"primaryImageOfPage":{"@id":"https:\/\/motorbrief.be\/nl\/contact\/#primaryimage"},"image":{"@id":"https:\/\/motorbrief.be\/nl\/contact\/#primaryimage"},"thumbnailUrl":"https:\/\/motorbrief.be\/wp-content\/plugins\/tenweb-builder\/Apps\/FastEditor\/assets\/images\/copy_Icon.svg","datePublished":"2026-03-09T12:44:21+00:00","dateModified":"2026-03-09T12:44:25+00:00","breadcrumb":{"@id":"https:\/\/motorbrief.be\/nl\/contact\/#breadcrumb"},"inLanguage":"nl-NL","potentialAction":[{"@type":"ReadAction","target":["https:\/\/motorbrief.be\/nl\/contact\/"]}]},{"@type":"ImageObject","inLanguage":"nl-NL","@id":"https:\/\/motorbrief.be\/nl\/contact\/#primaryimage","url":"https:\/\/motorbrief.be\/wp-content\/plugins\/tenweb-builder\/Apps\/FastEditor\/assets\/images\/copy_Icon.svg","contentUrl":"https:\/\/motorbrief.be\/wp-content\/plugins\/tenweb-builder\/Apps\/FastEditor\/assets\/images\/copy_Icon.svg"},{"@type":"BreadcrumbList","@id":"https:\/\/motorbrief.be\/nl\/contact\/#breadcrumb","itemListElement":[{"@type":"ListItem","position":1,"name":"Accueil","item":"https:\/\/motorbrief.be\/nl\/home\/"},{"@type":"ListItem","position":2,"name":"Contact"}]},{"@type":"WebSite","@id":"https:\/\/motorbrief.be\/nl\/#website","url":"https:\/\/motorbrief.be\/nl\/","name":"Motorbrief.be - Aper\u00e7us sur l&#039;automobile et la mobilit\u00e9","description":"","publisher":{"@id":"https:\/\/motorbrief.be\/nl\/#organization"},"potentialAction":[{"@type":"SearchAction","target":{"@type":"EntryPoint","urlTemplate":"https:\/\/motorbrief.be\/nl\/?s={search_term_string}"},"query-input":{"@type":"PropertyValueSpecification","valueRequired":true,"valueName":"search_term_string"}}],"inLanguage":"nl-NL"},{"@type":"Organization","@id":"https:\/\/motorbrief.be\/nl\/#organization","name":"Motorbrief.be - Aper\u00e7us sur l&#039;automobile et la mobilit\u00e9","url":"https:\/\/motorbrief.be\/nl\/","logo":{"@type":"ImageObject","inLanguage":"nl-NL","@id":"https:\/\/motorbrief.be\/nl\/#\/schema\/logo\/image\/","url":"https:\/\/motorbrief.be\/wp-content\/uploads\/2026\/02\/cropped-Design_sans_titre__1_-removebg-preview.png","contentUrl":"https:\/\/motorbrief.be\/wp-content\/uploads\/2026\/02\/cropped-Design_sans_titre__1_-removebg-preview.png","width":500,"height":321,"caption":"Motorbrief.be - Aper\u00e7us sur l&#039;automobile et la mobilit\u00e9"},"image":{"@id":"https:\/\/motorbrief.be\/nl\/#\/schema\/logo\/image\/"}}]}},"_links":{"self":[{"href":"https:\/\/motorbrief.be\/nl\/wp-json\/wp\/v2\/pages\/480","targetHints":{"allow":["GET"]}}],"collection":[{"href":"https:\/\/motorbrief.be\/nl\/wp-json\/wp\/v2\/pages"}],"about":[{"href":"https:\/\/motorbrief.be\/nl\/wp-json\/wp\/v2\/types\/page"}],"replies":[{"embeddable":true,"href":"https:\/\/motorbrief.be\/nl\/wp-json\/wp\/v2\/comments?post=480"}],"version-history":[{"count":0,"href":"https:\/\/motorbrief.be\/nl\/wp-json\/wp\/v2\/pages\/480\/revisions"}],"wp:attachment":[{"href":"https:\/\/motorbrief.be\/nl\/wp-json\/wp\/v2\/media?parent=480"}],"curies":[{"name":"wp","href":"https:\/\/api.w.org\/{rel}","templated":true}]}}